{"id":3162,"date":"2023-12-19T12:27:46","date_gmt":"2023-12-19T11:27:46","guid":{"rendered":"https:\/\/beta.dalbellovini.it\/condizioni-di-vendita\/"},"modified":"2024-04-29T14:42:18","modified_gmt":"2024-04-29T12:42:18","slug":"condizioni-di-vendita","status":"publish","type":"page","link":"https:\/\/dalbellovini.it\/en\/condizioni-di-vendita\/","title":{"rendered":"Condizioni di vendita"},"content":{"rendered":"\t\t<div data-elementor-type=\"wp-page\" data-elementor-id=\"3162\" class=\"elementor elementor-3162 elementor-383\" data-elementor-post-type=\"page\">\n\t\t\t\t<div class=\"elementor-element elementor-element-9897586 e-flex e-con-boxed e-con e-parent\" data-id=\"9897586\" data-element_type=\"container\" data-e-type=\"container\">\n\t\t\t\t\t<div class=\"e-con-inner\">\n\t\t\t\t<div class=\"elementor-element elementor-element-54aa32d elementor-widget elementor-widget-text-editor\" data-id=\"54aa32d\" data-element_type=\"widget\" data-e-type=\"widget\" data-widget_type=\"text-editor.default\">\n\t\t\t\t<div class=\"elementor-widget-container\">\n\t\t\t\t\t\t\t\t\t<p class=\"p1\">Di seguito sono descritti i termini e le condizioni alle quali Dal Bello Vini offre agli utenti l\u2019accesso ai propri servizi disponibili sul sito web dalbellovini.it.<\/p><p class=\"p2\"><b>1. Definizioni<\/b><\/p><p class=\"p1\">Per consentire una completa comprensione e accettazione dei presenti termini e condizioni, i seguenti termini, al singolare e al plurale, avranno il significato di seguito indicato:<\/p><ul class=\"ul1\"><li class=\"li1\"><b>Titolare:<\/b>\u00a0Azienda Agricola Dal Bello Antonio, 31010 Fonte (TV), Italia, partita IVA IT 03702610266, telefono +39 0423 949015, indirizzo e-mail\u00a0<a href=\"mailto:info@dalbellovini.it\"><span class=\"s2\">info@dalbellovini.it<\/span><\/a>;<\/li><li class=\"li1\"><b>Applicazione:<\/b>\u00a0il sito web dalbellovini.it, gestito dal Titolare, che offre una piattaforma di ecommerce per l\u2019acquisto di vino di propria produzione e accessori;<\/li><li class=\"li1\"><b>Prodotti:<\/b>\u00a0i prodotti e\/o servizi offerti tramite l\u2019Applicazione;<\/li><li class=\"li1\"><b>Utente:<\/b>\u00a0il soggetto che accede all\u2019Applicazione, senza distinzione di natura giuridica e finalit\u00e0 perseguita, interessato ai Prodotti offerti tramite l\u2019Applicazione;<\/li><li class=\"li1\"><b>Consumatore:<\/b>\u00a0persona fisica che agisce per scopi estranei Rispetto all\u2019attivit\u00e0 imprenditoriale commerciale, artigianale o professionale eventualmente svolta;<\/li><li class=\"li1\"><b>Condizioni:<\/b>\u00a0il presente contratto che disciplina i rapporti tra il Titolare e gli Utenti e la vendita o l\u2019erogazione dei Prodotti offerti tramite l\u2019Applicazione.<\/li><\/ul><p>\u00a0<\/p><p class=\"p2\"><b>2. Stipulazione, conclusione ed efficacia delle Condizioni<\/b><\/p><p class=\"p1\">Il contratto di acquisto dei Prodotti si conclude mediante l\u2019esatta compilazione e l\u2019invio del modulo di ordine. Tale modulo riporta gli estremi dell\u2019ordinante e dell\u2019ordine, il prezzo del Prodotto acquistato, gli eventuali ulteriori oneri accessori, le modalit\u00e0 e i termini di pagamento, l\u2019indirizzo ove il Prodotto verr\u00e0 consegnato, i tempi della consegna e l\u2019esistenza del diritto di recesso nonch\u00e9 il consenso al trattamento dei dati personali.<\/p><p class=\"p1\">Nel momento in cui il Titolare riceve dall\u2019Utente l\u2019ordine provvede all\u2019invio di una e-mail di conferma oppure alla visualizzazione di una pagina web di conferma e riepilogo dell\u2019ordine, stampabile, nella quale saranno anche riportati i dati richiamati nel punto precedente.<\/p><p class=\"p1\">Le Condizioni non si considerano efficaci fra le parti in difetto di quanto indicato al punto precedente.<\/p><p class=\"p1\">Il Titolare potr\u00e0 modificare o semplicemente aggiornare, in tutto o in parte, le presenti Condizioni. L\u2019Utente prende atto e accetta che eventuali modifiche alle presenti Condizioni si applicheranno agli ordini inviati dagli Utenti dopo la data di comunicazione di modifica delle Condizioni. L\u2019Utente \u00e8 pertanto invitato a visionare le Condizioni e si consiglia di stamparne una copia per future consultazioni.<\/p><p class=\"p2\"><b>3. Acquisti <\/b><\/p><p class=\"p1\">L\u2019acquisto di uno o pi\u00f9 Prodotti \u00e8 consentito sia a Utenti che rivestano la qualit\u00e0 di Consumatori, sia a Utenti che non rivestano tale qualit\u00e0.<\/p><p class=\"p1\">Ai sensi dell\u2019art. 3, I comma, lett. a) del D. lgs. 206\/2005 (\u201cCodice del Consumo\u201d) si ricorda che rivestono la qualit\u00e0 di Consumatori le persone fisiche che, in relazione all\u2019acquisto dei Prodotti, agiscono per scopi estranei all\u2019attivit\u00e0 imprenditoriale, commerciale, professionale o artigianale eventualmente svolta.<\/p><p class=\"p1\">Alle persone fisiche l\u2019acquisto \u00e8 consentito solo a condizione che esse abbiano compiuto gli anni diciotto.<\/p><p class=\"p1\">Il Titolare si impegna a descrivere e a presentare i Prodotti venduti nel miglior modo possibile. Ciononostante potrebbero evidenziarsi alcuni errori, imprecisioni o piccole differenze tra sito web e il Prodotto reale. Inoltre, le eventuali fotografie dei Prodotti presenti sull\u2019Applicazione non costituiscono elemento contrattuale, in quanto solo rappresentative.<\/p><p class=\"p1\">Il Titolare si riserva la facolt\u00e0 di rifiutare un ordine:<\/p><ul class=\"ul1\"><li class=\"li1\">quando il Prodotto non \u00e8 disponibile;<\/li><li class=\"li1\">quando viene negata l\u2019autorizzazione all\u2019addebito del costo del Prodotto all\u2019Utente;<\/li><li class=\"li1\">quando al momento dell\u2019acquisto viene indicato un prezzo evidentemente errato e riconoscibile come tale. In tal caso, l\u2019Utente sar\u00e0 contattato dal Servizio Clienti per essere informato e ricever\u00e0 il rimborso relativo alla transazione effettuata, o verr\u00e0 comunicato l\u2019eventuale importo da aggiungere.<\/li><\/ul><p>\u00a0<\/p><p class=\"p2\"><b>4. Prezzi e pagamenti<\/b><\/p><p class=\"p1\">Il titolare si riserva la facolt\u00e0 di modificare, in qualsiasi momento, il prezzo dei Prodotti e le eventuali spese di spedizione degli stessi.<br \/>Resta inteso che le eventuali modifiche non pregiudicheranno in alcun caso i contratti gi\u00e0 conclusi prima della modifica.<\/p><p class=\"p1\">I prezzi di vendita dei Prodotti sono comprensivi di IVA, se dovuta; ogni altra eventuale imposta e\/o costo di spedizione a carico dell\u2019Utente sar\u00e0 indicato prima della conferma dell\u2019acquisto.<\/p><p class=\"p1\">L\u2019Utente si impegna a pagare il prezzo del Prodotto acquistato nei tempi e modi indicati nel sito web.<\/p><p class=\"p1\">Il sito web utilizza strumenti terzi per l\u2019elaborazione dei pagamenti e non entra in alcun modo in contatto con i dati di pagamento forniti (numero delle carte di credito, nome dei titolari, password, etc.).<\/p><p class=\"p1\">Qualora tali strumenti terzi dovessero negare l\u2019autorizzazione al pagamento, il Titolare non potr\u00e0 fornire i Prodotti e non sar\u00e0 responsabile per un eventuale ritardo o per una mancata consegna.<\/p><p>\u00a0<\/p><p class=\"p2\"><b>5. Fatturazione<\/b><\/p><p class=\"p1\">All\u2019Utente che desideri ricevere la fattura saranno richiesti i dati per la fatturazione. Per l\u2019emissione della fattura faranno fede le informazioni fornite dall\u2019Utente che egli dichiara e garantisce essere rispondenti al vero, rilasciando al Titolare ogni pi\u00f9 ampia manleva al riguardo.<\/p><p>\u00a0<\/p><p class=\"p2\"><b>6. Modalit\u00e0 di consegna di Prodotti materiali<\/b><\/p><p class=\"p1\">Per Prodotto materiale si intende qualsiasi bene mobile o bene digitale fornito su un supporto materiale offerto tramite l\u2019ecommerce.<\/p><p class=\"p1\">I Prodotti materiali ordinati saranno recapitati all\u2019Utente, presso l\u2019indirizzo da questi indicato, con le modalit\u00e0 scelte dall\u2019Utente o indicate nell\u2019Applicazione al momento dell\u2019acquisto.<\/p><p class=\"p1\">All\u2019atto del ricevimento, l\u2019Utente \u00e8 tenuto a verificare la conformit\u00e0 del Prodotto consegnato con l\u2019ordine effettuato.<\/p><p class=\"p1\">Il Titolare non assume alcuna responsabilit\u00e0 per il ritardo o la mancata consegna del Prodotto imputabile a cause di forza maggiore quali incidenti, esplosioni, incendi, scioperi e\/o serrate, terremoti, alluvioni ed altri similari eventi che impedissero, in tutto o in parte, di dare esecuzione nei tempi concordati.<\/p><p class=\"p1\">Il Titolare non sar\u00e0 responsabile nei confronti di alcuna parte o di terzi in merito a danni, perdite e costi subiti a seguito della mancata esecuzione del contratto per le cause sopra citate, avendo l\u2019Utente diritto soltanto alla restituzione del prezzo eventualmente corrisposto.<\/p><p>\u00a0<\/p><p class=\"p2\"><b>7. Diritti di Propriet\u00e0 Industriale e Intellettuale<\/b><\/p><p class=\"p1\">Il Titolare dichiara di essere titolare e\/o licenziatario di tutti i diritti di propriet\u00e0 intellettuale relativi e\/o afferenti all\u2019Applicazione e\/o ai materiali e contenuti disponibili sull\u2019Applicazione.<\/p><p class=\"p1\">Le presenti Condizioni non concedono all\u2019Utente alcuna licenza d\u2019uso relativa all\u2019Applicazione e\/o a singoli Contenuti e\/o materiali ivi disponibili, se non diversamente disciplinato. Tutti i marchi, figurativi o nominativi e tutti gli altri segni, nomi commerciali, marchi di servizio, marchi denominativi, denominazioni commerciali, illustrazioni, immagini, loghi che appaiono nel sito sono e rimangono di titolarit\u00e0 del Titolare o dei suoi licenziatari e sono protetti dalle leggi vigenti sui marchi e dai relativi trattati internazionali.<\/p><p class=\"p1\">Eventuali riproduzioni in qualunque forma dei testi esplicativi e dei contenuti dell\u2019Applicazione, qualora non autorizzate, saranno considerate violazioni del diritto propriet\u00e0 intellettuale ed industriale del Titolare.<\/p><p>\u00a0<\/p><p class=\"p2\"><b>8. Rinuncia<\/b><\/p><p class=\"p1\">Nessuna rinuncia da parte di ciascuna parte ad un articolo delle presenti Condizioni sar\u00e0 efficace a meno che non sia espressamente dichiarato di essere una rinuncia e venga comunicata per iscritto.<\/p><p>\u00a0<\/p><p class=\"p2\"><b>9. Privacy<\/b><\/p><p class=\"p1\">La tutela e il trattamento dei dati personali avverranno in conformit\u00e0 all\u2019Informativa Privacy, che pu\u00f2 essere consultata alla pagina\u00a0<a href=\"https:\/\/dalbellovini.it\/privacy-policy\/\"><span class=\"s2\">https:\/\/dalbellovini.it\/privacy-policy\/<\/span><\/a><\/p>\t\t\t\t\t\t\t\t<\/div>\n\t\t\t\t<\/div>\n\t\t\t\t\t<\/div>\n\t\t\t\t<\/div>\n\t\t\t\t<\/div>\n\t\t","protected":false},"excerpt":{"rendered":"<p>Di seguito sono descritti i termini e le condizioni alle quali Dal Bello Vini offre agli utenti l\u2019accesso ai propri servizi disponibili sul sito web dalbellovini.it. 1. Definizioni Per consentire una completa comprensione e accettazione dei presenti termini e condizioni, i seguenti termini, al singolare e al plurale, avranno il significato di seguito indicato: Titolare:\u00a0Azienda&#8230;<\/p>\n","protected":false},"author":1,"featured_media":0,"parent":0,"menu_order":0,"comment_status":"closed","ping_status":"closed","template":"","meta":{"_acf_changed":false,"footnotes":""},"class_list":["post-3162","page","type-page","status-publish","hentry"],"acf":[],"yoast_head":"<!-- This site is optimized with the Yoast SEO plugin v27.4 - https:\/\/yoast.com\/product\/yoast-seo-wordpress\/ -->\n<title>Condizioni di vendita - Dal Bello Vini - Asolo Prosecco Superiore DOCG<\/title>\n<meta name=\"robots\" content=\"index, follow, max-snippet:-1, max-image-preview:large, max-video-preview:-1\" \/>\n<link rel=\"canonical\" href=\"https:\/\/dalbellovini.it\/en\/condizioni-di-vendita\/\" \/>\n<meta property=\"og:locale\" content=\"en_US\" \/>\n<meta property=\"og:type\" content=\"article\" \/>\n<meta property=\"og:title\" content=\"Condizioni di vendita - Dal Bello Vini - Asolo Prosecco Superiore DOCG\" \/>\n<meta property=\"og:description\" content=\"Di seguito sono descritti i termini e le condizioni alle quali Dal Bello Vini offre agli utenti l\u2019accesso ai propri servizi disponibili sul sito web dalbellovini.it. 1. Definizioni Per consentire una completa comprensione e accettazione dei presenti termini e condizioni, i seguenti termini, al singolare e al plurale, avranno il significato di seguito indicato: Titolare:\u00a0Azienda...\" \/>\n<meta property=\"og:url\" content=\"https:\/\/dalbellovini.it\/en\/condizioni-di-vendita\/\" \/>\n<meta property=\"og:site_name\" content=\"Dal Bello Vini - Asolo Prosecco Superiore DOCG\" \/>\n<meta property=\"article:publisher\" content=\"https:\/\/www.facebook.com\/dalbellovini\/\" \/>\n<meta property=\"article:modified_time\" content=\"2024-04-29T12:42:18+00:00\" \/>\n<meta name=\"twitter:card\" content=\"summary_large_image\" \/>\n<meta name=\"twitter:label1\" content=\"Est. reading time\" \/>\n\t<meta name=\"twitter:data1\" content=\"6 minutes\" \/>\n<script type=\"application\/ld+json\" class=\"yoast-schema-graph\">{\"@context\":\"https:\\\/\\\/schema.org\",\"@graph\":[{\"@type\":\"WebPage\",\"@id\":\"https:\\\/\\\/dalbellovini.it\\\/en\\\/condizioni-di-vendita\\\/\",\"url\":\"https:\\\/\\\/dalbellovini.it\\\/en\\\/condizioni-di-vendita\\\/\",\"name\":\"Condizioni di vendita - Dal Bello Vini - Asolo Prosecco Superiore DOCG\",\"isPartOf\":{\"@id\":\"https:\\\/\\\/dalbellovini.it\\\/en\\\/#website\"},\"datePublished\":\"2023-12-19T11:27:46+00:00\",\"dateModified\":\"2024-04-29T12:42:18+00:00\",\"breadcrumb\":{\"@id\":\"https:\\\/\\\/dalbellovini.it\\\/en\\\/condizioni-di-vendita\\\/#breadcrumb\"},\"inLanguage\":\"en-US\",\"potentialAction\":[{\"@type\":\"ReadAction\",\"target\":[\"https:\\\/\\\/dalbellovini.it\\\/en\\\/condizioni-di-vendita\\\/\"]}]},{\"@type\":\"BreadcrumbList\",\"@id\":\"https:\\\/\\\/dalbellovini.it\\\/en\\\/condizioni-di-vendita\\\/#breadcrumb\",\"itemListElement\":[{\"@type\":\"ListItem\",\"position\":1,\"name\":\"Home\",\"item\":\"https:\\\/\\\/dalbellovini.it\\\/en\\\/\"},{\"@type\":\"ListItem\",\"position\":2,\"name\":\"Condizioni di vendita\"}]},{\"@type\":\"WebSite\",\"@id\":\"https:\\\/\\\/dalbellovini.it\\\/en\\\/#website\",\"url\":\"https:\\\/\\\/dalbellovini.it\\\/en\\\/\",\"name\":\"Dal Bello Vini - Asolo Prosecco Superiore DOCG\",\"description\":\"Ogni giorno con passione lavoriamo al nostro progetto: produrre vino d\u2019eccellenza, nel rispetto della terra che ci dona i suoi frutti.\",\"publisher\":{\"@id\":\"https:\\\/\\\/dalbellovini.it\\\/en\\\/#organization\"},\"potentialAction\":[{\"@type\":\"SearchAction\",\"target\":{\"@type\":\"EntryPoint\",\"urlTemplate\":\"https:\\\/\\\/dalbellovini.it\\\/en\\\/?s={search_term_string}\"},\"query-input\":{\"@type\":\"PropertyValueSpecification\",\"valueRequired\":true,\"valueName\":\"search_term_string\"}}],\"inLanguage\":\"en-US\"},{\"@type\":\"Organization\",\"@id\":\"https:\\\/\\\/dalbellovini.it\\\/en\\\/#organization\",\"name\":\"Dal Bello Vini - Asolo Prosecco Superiore DOCG\",\"url\":\"https:\\\/\\\/dalbellovini.it\\\/en\\\/\",\"logo\":{\"@type\":\"ImageObject\",\"inLanguage\":\"en-US\",\"@id\":\"https:\\\/\\\/dalbellovini.it\\\/en\\\/#\\\/schema\\\/logo\\\/image\\\/\",\"url\":\"https:\\\/\\\/dalbellovini.it\\\/wp-content\\\/uploads\\\/2024\\\/02\\\/logo-con-bandiera-RGB.svg\",\"contentUrl\":\"https:\\\/\\\/dalbellovini.it\\\/wp-content\\\/uploads\\\/2024\\\/02\\\/logo-con-bandiera-RGB.svg\",\"width\":992,\"height\":566,\"caption\":\"Dal Bello Vini - Asolo Prosecco Superiore DOCG\"},\"image\":{\"@id\":\"https:\\\/\\\/dalbellovini.it\\\/en\\\/#\\\/schema\\\/logo\\\/image\\\/\"},\"sameAs\":[\"https:\\\/\\\/www.facebook.com\\\/dalbellovini\\\/\",\"https:\\\/\\\/www.instagram.com\\\/dalbellovini\",\"https:\\\/\\\/www.youtube.com\\\/channel\\\/UC222-vEaMfZGf29pkMZgtTQ\"]}]}<\/script>\n<!-- \/ Yoast SEO plugin. -->","yoast_head_json":{"title":"Condizioni di vendita - Dal Bello Vini - Asolo Prosecco Superiore DOCG","robots":{"index":"index","follow":"follow","max-snippet":"max-snippet:-1","max-image-preview":"max-image-preview:large","max-video-preview":"max-video-preview:-1"},"canonical":"https:\/\/dalbellovini.it\/en\/condizioni-di-vendita\/","og_locale":"en_US","og_type":"article","og_title":"Condizioni di vendita - Dal Bello Vini - Asolo Prosecco Superiore DOCG","og_description":"Di seguito sono descritti i termini e le condizioni alle quali Dal Bello Vini offre agli utenti l\u2019accesso ai propri servizi disponibili sul sito web dalbellovini.it. 1. Definizioni Per consentire una completa comprensione e accettazione dei presenti termini e condizioni, i seguenti termini, al singolare e al plurale, avranno il significato di seguito indicato: Titolare:\u00a0Azienda...","og_url":"https:\/\/dalbellovini.it\/en\/condizioni-di-vendita\/","og_site_name":"Dal Bello Vini - Asolo Prosecco Superiore DOCG","article_publisher":"https:\/\/www.facebook.com\/dalbellovini\/","article_modified_time":"2024-04-29T12:42:18+00:00","twitter_card":"summary_large_image","twitter_misc":{"Est. reading time":"6 minutes"},"schema":{"@context":"https:\/\/schema.org","@graph":[{"@type":"WebPage","@id":"https:\/\/dalbellovini.it\/en\/condizioni-di-vendita\/","url":"https:\/\/dalbellovini.it\/en\/condizioni-di-vendita\/","name":"Condizioni di vendita - Dal Bello Vini - Asolo Prosecco Superiore DOCG","isPartOf":{"@id":"https:\/\/dalbellovini.it\/en\/#website"},"datePublished":"2023-12-19T11:27:46+00:00","dateModified":"2024-04-29T12:42:18+00:00","breadcrumb":{"@id":"https:\/\/dalbellovini.it\/en\/condizioni-di-vendita\/#breadcrumb"},"inLanguage":"en-US","potentialAction":[{"@type":"ReadAction","target":["https:\/\/dalbellovini.it\/en\/condizioni-di-vendita\/"]}]},{"@type":"BreadcrumbList","@id":"https:\/\/dalbellovini.it\/en\/condizioni-di-vendita\/#breadcrumb","itemListElement":[{"@type":"ListItem","position":1,"name":"Home","item":"https:\/\/dalbellovini.it\/en\/"},{"@type":"ListItem","position":2,"name":"Condizioni di vendita"}]},{"@type":"WebSite","@id":"https:\/\/dalbellovini.it\/en\/#website","url":"https:\/\/dalbellovini.it\/en\/","name":"Dal Bello Vini - Asolo Prosecco Superiore DOCG","description":"Ogni giorno con passione lavoriamo al nostro progetto: produrre vino d\u2019eccellenza, nel rispetto della terra che ci dona i suoi frutti.","publisher":{"@id":"https:\/\/dalbellovini.it\/en\/#organization"},"potentialAction":[{"@type":"SearchAction","target":{"@type":"EntryPoint","urlTemplate":"https:\/\/dalbellovini.it\/en\/?s={search_term_string}"},"query-input":{"@type":"PropertyValueSpecification","valueRequired":true,"valueName":"search_term_string"}}],"inLanguage":"en-US"},{"@type":"Organization","@id":"https:\/\/dalbellovini.it\/en\/#organization","name":"Dal Bello Vini - Asolo Prosecco Superiore DOCG","url":"https:\/\/dalbellovini.it\/en\/","logo":{"@type":"ImageObject","inLanguage":"en-US","@id":"https:\/\/dalbellovini.it\/en\/#\/schema\/logo\/image\/","url":"https:\/\/dalbellovini.it\/wp-content\/uploads\/2024\/02\/logo-con-bandiera-RGB.svg","contentUrl":"https:\/\/dalbellovini.it\/wp-content\/uploads\/2024\/02\/logo-con-bandiera-RGB.svg","width":992,"height":566,"caption":"Dal Bello Vini - Asolo Prosecco Superiore DOCG"},"image":{"@id":"https:\/\/dalbellovini.it\/en\/#\/schema\/logo\/image\/"},"sameAs":["https:\/\/www.facebook.com\/dalbellovini\/","https:\/\/www.instagram.com\/dalbellovini","https:\/\/www.youtube.com\/channel\/UC222-vEaMfZGf29pkMZgtTQ"]}]}},"_links":{"self":[{"href":"https:\/\/dalbellovini.it\/en\/wp-json\/wp\/v2\/pages\/3162","targetHints":{"allow":["GET"]}}],"collection":[{"href":"https:\/\/dalbellovini.it\/en\/wp-json\/wp\/v2\/pages"}],"about":[{"href":"https:\/\/dalbellovini.it\/en\/wp-json\/wp\/v2\/types\/page"}],"author":[{"embeddable":true,"href":"https:\/\/dalbellovini.it\/en\/wp-json\/wp\/v2\/users\/1"}],"replies":[{"embeddable":true,"href":"https:\/\/dalbellovini.it\/en\/wp-json\/wp\/v2\/comments?post=3162"}],"version-history":[{"count":3,"href":"https:\/\/dalbellovini.it\/en\/wp-json\/wp\/v2\/pages\/3162\/revisions"}],"predecessor-version":[{"id":3750,"href":"https:\/\/dalbellovini.it\/en\/wp-json\/wp\/v2\/pages\/3162\/revisions\/3750"}],"wp:attachment":[{"href":"https:\/\/dalbellovini.it\/en\/wp-json\/wp\/v2\/media?parent=3162"}],"curies":[{"name":"wp","href":"https:\/\/api.w.org\/{rel}","templated":true}]}}